{"id":955,"date":"2021-10-21T07:01:34","date_gmt":"2021-10-21T07:01:34","guid":{"rendered":"https:\/\/samunystavat.fi\/saarijarvimenu\/?page_id=955"},"modified":"2022-02-02T10:16:53","modified_gmt":"2022-02-02T08:16:53","slug":"tarina","status":"publish","type":"page","link":"https:\/\/samunystavat.fi\/saarijarvimenu\/tarina\/","title":{"rendered":"Tarina"},"content":{"rendered":"\t\t<div data-elementor-type=\"wp-page\" data-elementor-id=\"955\" class=\"elementor elementor-955\">\n\t\t\t\t\t\t<section class=\"elementor-section elementor-top-section elementor-element elementor-element-dee1565 elementor-section-boxed elementor-section-height-default elementor-section-height-default\" data-id=\"dee1565\" data-element_type=\"section\" data-e-type=\"section\">\n\t\t\t\t\t\t<div class=\"elementor-container elementor-column-gap-default\">\n\t\t\t\t\t<div class=\"elementor-column elementor-col-100 elementor-top-column elementor-element elementor-element-c21cf1f\" data-id=\"c21cf1f\" data-element_type=\"column\" data-e-type=\"column\">\n\t\t\t<div class=\"elementor-widget-wrap elementor-element-populated\">\n\t\t\t\t\t\t<div class=\"elementor-element elementor-element-49903a4 elementor-widget elementor-widget-spacer\" data-id=\"49903a4\" data-element_type=\"widget\" data-e-type=\"widget\" data-widget_type=\"spacer.default\">\n\t\t\t\t<div class=\"elementor-widget-container\">\n\t\t\t\t\t\t\t<div class=\"elementor-spacer\">\n\t\t\t<div class=\"elementor-spacer-inner\"><\/div>\n\t\t<\/div>\n\t\t\t\t\t\t<\/div>\n\t\t\t\t<\/div>\n\t\t\t\t\t<\/div>\n\t\t<\/div>\n\t\t\t\t\t<\/div>\n\t\t<\/section>\n\t\t\t\t<section class=\"elementor-section elementor-top-section elementor-element elementor-element-9493365 elementor-section-boxed elementor-section-height-default elementor-section-height-default\" data-id=\"9493365\" data-element_type=\"section\" data-e-type=\"section\">\n\t\t\t\t\t\t<div class=\"elementor-container elementor-column-gap-default\">\n\t\t\t\t\t<div class=\"elementor-column elementor-col-100 elementor-top-column elementor-element elementor-element-5ca159e\" data-id=\"5ca159e\" data-element_type=\"column\" data-e-type=\"column\">\n\t\t\t<div class=\"elementor-widget-wrap elementor-element-populated\">\n\t\t\t\t\t\t<div class=\"elementor-element elementor-element-931299f elementor-widget elementor-widget-heading\" data-id=\"931299f\" data-element_type=\"widget\" data-e-type=\"widget\" data-widget_type=\"heading.default\">\n\t\t\t\t<div class=\"elementor-widget-container\">\n\t\t\t\t\t<h2 class=\"elementor-heading-title elementor-size-default\">Tarina Saarij\u00e4rvi-menun takana<\/h2>\t\t\t\t<\/div>\n\t\t\t\t<\/div>\n\t\t\t\t\t<\/div>\n\t\t<\/div>\n\t\t\t\t\t<\/div>\n\t\t<\/section>\n\t\t\t\t<section class=\"elementor-section elementor-top-section elementor-element elementor-element-7389faf elementor-section-boxed elementor-section-height-default elementor-section-height-default\" data-id=\"7389faf\" data-element_type=\"section\" data-e-type=\"section\">\n\t\t\t\t\t\t<div class=\"elementor-container elementor-column-gap-default\">\n\t\t\t\t\t<div class=\"elementor-column elementor-col-100 elementor-top-column elementor-element elementor-element-bd770b8\" data-id=\"bd770b8\" data-element_type=\"column\" data-e-type=\"column\">\n\t\t\t<div class=\"elementor-widget-wrap elementor-element-populated\">\n\t\t\t\t\t\t<div class=\"elementor-element elementor-element-e627da2 elementor-position-left elementor-vertical-align-top elementor-invisible elementor-widget elementor-widget-image-box\" data-id=\"e627da2\" data-element_type=\"widget\" data-e-type=\"widget\" data-settings=\"{&quot;_animation&quot;:&quot;fadeIn&quot;}\" data-widget_type=\"image-box.default\">\n\t\t\t\t<div class=\"elementor-widget-container\">\n\t\t\t\t\t<div class=\"elementor-image-box-wrapper\"><figure class=\"elementor-image-box-img\"><img fetchpriority=\"high\" decoding=\"async\" width=\"882\" height=\"1000\" src=\"https:\/\/samunystavat.fi\/saarijarvimenu\/wp-content\/uploads\/2021\/10\/VALKOINEN_thumbnail_svi-menu_logo_sy-vatty_kaikillevareille.png\" class=\"attachment-2048x2048 size-2048x2048 wp-image-424\" alt=\"\" srcset=\"https:\/\/samunystavat.fi\/saarijarvimenu\/wp-content\/uploads\/2021\/10\/VALKOINEN_thumbnail_svi-menu_logo_sy-vatty_kaikillevareille.png 882w, https:\/\/samunystavat.fi\/saarijarvimenu\/wp-content\/uploads\/2021\/10\/VALKOINEN_thumbnail_svi-menu_logo_sy-vatty_kaikillevareille-265x300.png 265w, https:\/\/samunystavat.fi\/saarijarvimenu\/wp-content\/uploads\/2021\/10\/VALKOINEN_thumbnail_svi-menu_logo_sy-vatty_kaikillevareille-768x871.png 768w\" sizes=\"(max-width: 882px) 100vw, 882px\" \/><\/figure><div class=\"elementor-image-box-content\"><h3 class=\"elementor-image-box-title\"><div><span style=\"font-style: inherit;background-color: var( --e-global-color-secondary )\">Maistuvaa Saarij\u00e4rven mailta ja mannuilta -hanke<\/span><span style=\"font-style: inherit\"><\/span><\/div><\/h3><p class=\"elementor-image-box-description\">Ajalla 1.5.2021-30.4.2022 toteutetussa Maistuvaa \nSaarij\u00e4rven mailta ja mannuilta -hankkeessa tuotettiin ja tuotteistettiin Saarij\u00e4rvi-menu, josta muotoiltiin eri tilaisuuksiin hy\u00f6dynnett\u00e4v\u00e4t ruokakokonaisuudet. Hanketta hallinnoi Saarij\u00e4rven maa- ja kotitalousnaiset ry, toisena osapuolena on Saarij\u00e4rven museon yst\u00e4v\u00e4t ry. Hankkeen tuottamisen on mahdollistanut Euroopan maaseudun kehitt\u00e4misen maatalousrahasto. Maistuvaa Saarij\u00e4rven mailta ja mannuilta -hankkeen rahoitus on tullut Leader Viisarilta.<br><br><\/p><\/div><\/div>\t\t\t\t<\/div>\n\t\t\t\t<\/div>\n\t\t\t\t\t<\/div>\n\t\t<\/div>\n\t\t\t\t\t<\/div>\n\t\t<\/section>\n\t\t\t\t<section class=\"elementor-section elementor-top-section elementor-element elementor-element-eda700f elementor-section-boxed elementor-section-height-default elementor-section-height-default\" data-id=\"eda700f\" data-element_type=\"section\" data-e-type=\"section\">\n\t\t\t\t\t\t<div class=\"elementor-container elementor-column-gap-default\">\n\t\t\t\t\t<div class=\"elementor-column elementor-col-100 elementor-top-column elementor-element elementor-element-12ba5db\" data-id=\"12ba5db\" data-element_type=\"column\" data-e-type=\"column\">\n\t\t\t<div class=\"elementor-widget-wrap elementor-element-populated\">\n\t\t\t\t\t\t<div class=\"elementor-element elementor-element-a5619c3 elementor-widget elementor-widget-spacer\" data-id=\"a5619c3\" data-element_type=\"widget\" data-e-type=\"widget\" data-widget_type=\"spacer.default\">\n\t\t\t\t<div class=\"elementor-widget-container\">\n\t\t\t\t\t\t\t<div class=\"elementor-spacer\">\n\t\t\t<div class=\"elementor-spacer-inner\"><\/div>\n\t\t<\/div>\n\t\t\t\t\t\t<\/div>\n\t\t\t\t<\/div>\n\t\t\t\t\t<\/div>\n\t\t<\/div>\n\t\t\t\t\t<\/div>\n\t\t<\/section>\n\t\t\t\t<section class=\"elementor-section elementor-top-section elementor-element elementor-element-fec807b elementor-section-boxed elementor-section-height-default elementor-section-height-default\" data-id=\"fec807b\" data-element_type=\"section\" data-e-type=\"section\">\n\t\t\t\t\t\t<div class=\"elementor-container elementor-column-gap-default\">\n\t\t\t\t\t<div class=\"elementor-column elementor-col-100 elementor-top-column elementor-element elementor-element-48bd740\" data-id=\"48bd740\" data-element_type=\"column\" data-e-type=\"column\">\n\t\t\t<div class=\"elementor-widget-wrap elementor-element-populated\">\n\t\t\t\t\t\t<div class=\"elementor-element elementor-element-e72569c elementor-widget elementor-widget-text-editor\" data-id=\"e72569c\" data-element_type=\"widget\" data-e-type=\"widget\" data-widget_type=\"text-editor.default\">\n\t\t\t\t<div class=\"elementor-widget-container\">\n\t\t\t\t\t\t\t\t\t<p><strong>Vieraanvaraisesti paikallisia el\u00e4myksi\u00e4 Sinulle!<\/strong><\/p><p>Saarij\u00e4rvi-menu kunnioittaa perinteit\u00e4 luoden niist\u00e4 uutta. Se on kuin nykyaikainen h\u00e4\u00e4puku, jossa on v\u00e4h\u00e4n vanhaa, paljon uutta sek\u00e4 h\u00e4ik\u00e4isev\u00e4n upeita v\u00e4rej\u00e4.<\/p><p>Maija Silvennoinen on luonut paikallisten ruoka-alan yritt\u00e4jien, yhdistysten sek\u00e4 mm. alkutuottajien ja jatkojalostajien n\u00e4kemysten pohjalta reseptit, joiden mukaan alueen yritykset, organisaatiot ja ravintolat voivat valmistaa asiakkailleen tilauksesta lounaan, p\u00e4iv\u00e4llisen tai vaikkapa pienimuotoisen n\u00e4ppimenun.<\/p><p>Saarij\u00e4rvi-menun keski\u00f6ss\u00e4 ovat l\u00e4hialueella tuotetut raaka-aineet. Maistuvan lihan ja kalan lisukkeina ovat aina olleet oman maan perunat ja juurekset sek\u00e4 lis\u00e4n\u00e4 metsiemme antimet, kuten marjat ja sienet. N\u00e4it\u00e4 on nautittu eri tavoin sek\u00e4 juhlissa ett\u00e4 arkena.<\/p><p>Saarij\u00e4rvi-menun alkuun on tarjolla ensiluokkaisista kasviksista valmistettuja salaatteja. Menussa on nykyaikaisesti valmistetut kuusenkerkk\u00e4siirapilla tai Saarij\u00e4rvell\u00e4 tuotetulla hunajalla maustetut uunijuurekset. Tarjolla on useampi raikas salaatinkastike, joita maustetaan saatavilla olevilla villiyrteill\u00e4.<\/p><p>Varpupaisti, vanha keskisuomalainen pitoruoka, on kuulunut my\u00f6s perinteiseen saarij\u00e4rvel\u00e4iseen pitop\u00f6yt\u00e4\u00e4n. Se kuuluu menun p\u00e4\u00e4ruokiin kalan ja vegaanisten vaihtoehtojen ohella. Varpupaisti valmistetaan yl\u00e4maankarjan lihasta hauduttaen se hitaasti koivunvarpujen p\u00e4\u00e4ll\u00e4. K\u00e4ytet\u00e4\u00e4np\u00e4 perinteist\u00e4 leivinuunia tai nykyaikaista s\u00e4hk\u00f6uunia, lopputuloksena on suussa sulava ja murea liha.<span class=\"Apple-converted-space\">\u00a0<\/span><\/p><p>Tarjolla on my\u00f6s runsaiden sienimetsiemme herkuista valmistettuja sienikaalik\u00e4\u00e4ryleit\u00e4, ainutlaatuista porkkana-h\u00e4rk\u00e4papumureketta ja j\u00e4rviemme kaloista valmistettuja haukipihvej\u00e4.<\/p><p>Koko aterian kruunaa h\u00e4mm\u00e4styshuttu, joka on h\u00e4mm\u00e4stytt\u00e4v\u00e4n hyv\u00e4\u00e4: makeahko, pehme\u00e4 ja hiukan hapan j\u00e4lkiruoka.<\/p><p>Saarij\u00e4rvi on monipuolinen ja moniaistillinen kulttuuripaikkakunta. Arvostamme puhtautta, aitoutta ja raikkautta sek\u00e4 kokemuksellisuutta. <span class=\"Apple-converted-space\">\u00a0<\/span><\/p><p>Nautitaan yhdess\u00e4 saarij\u00e4rvel\u00e4isten maiden ja mantujen upeista tuotoksista!<\/p>\t\t\t\t\t\t\t\t<\/div>\n\t\t\t\t<\/div>\n\t\t\t\t\t<\/div>\n\t\t<\/div>\n\t\t\t\t\t<\/div>\n\t\t<\/section>\n\t\t\t\t<section class=\"elementor-section elementor-top-section elementor-element elementor-element-0cef932 elementor-section-height-full elementor-section-boxed elementor-section-height-default elementor-section-items-middle\" data-id=\"0cef932\" data-element_type=\"section\" data-e-type=\"section\">\n\t\t\t\t\t\t<div class=\"elementor-container elementor-column-gap-wide\">\n\t\t\t\t\t<div class=\"elementor-column elementor-col-100 elementor-top-column elementor-element elementor-element-74b8ebe\" data-id=\"74b8ebe\" data-element_type=\"column\" data-e-type=\"column\" data-settings=\"{&quot;background_background&quot;:&quot;gradient&quot;}\">\n\t\t\t<div class=\"elementor-widget-wrap elementor-element-populated\">\n\t\t\t\t\t\t<div class=\"elementor-element elementor-element-a9c2c69 elementor-widget elementor-widget-text-editor\" data-id=\"a9c2c69\" data-element_type=\"widget\" data-e-type=\"widget\" data-widget_type=\"text-editor.default\">\n\t\t\t\t<div class=\"elementor-widget-container\">\n\t\t\t\t\t\t\t\t\t<p><strong>Sy\u00f6 sin\u00e4ki hyvin Soarj\u00e4rvell\u00e4!<\/strong><\/p><p><u><\/u>\u00a0<u><\/u><\/p><p>Soarij\u00e4rvell\u00e4 on nyt uus oma &#8221;menu&#8221;. Uuvella ruokalistalla on hyvve\u00e4 ruokoa vieraille, ja samalla soa omaki v\u00e4k herkutella.<u><\/u><u><\/u><\/p><p>Vanhoa t\u00e4ss\u00e4 uuvessa menussa on se, ett\u00e4 kaikki roaka-aineet on nii l\u00e4helt\u00e4 ku mahollista, osa soattaa olla jopa koki omasta pihasta. Tietenki riippuu siit\u00e4, mik\u00e4 vuoje aika on m\u00e4n\u00f6ss\u00e4. Kaukasin roaka-aina taitaa olla lutteeniton talakkuna, joka t\u00e4ll\u00e4 kertoa on J\u00e4ms\u00e4st\u00e4 per\u00e4sin.<u><\/u><u><\/u><\/p><p>Ja tietenki resetit sek\u00e4 ruuvallaittajat on Soarj\u00e4rvelt\u00e4. N\u00e4m\u00e4 uuvet on suunnitellu ja soveltanna Maija Silvennoinen. Vanhoja ja hyvi\u00e4 resettej\u00e4 on kans mukana, niinku Varpupaisti ja H\u00e4mm\u00e4styshuttu.<u><\/u><u><\/u><\/p><p>Vaikka suur osa roaka-aineista l\u00e4ytyy het, niie valamistamine voatii aikoa. Sen takia menu pitt\u00e4\u00e4 tilata. Tai sitte on l\u00e4hett\u00e4v\u00e4 liikkeelle, ku joku etuk\u00e4ttee ilemottaa tai kuhtuu!<\/p><blockquote cite=\"mid:02f401d7af18$7b2f1cc0$718d5640$@gmail.com\"><div><p>Pekka ja Heikki Takala sek\u00e4 Marja-Liisa Laitinen<\/p><\/div><\/blockquote>\t\t\t\t\t\t\t\t<\/div>\n\t\t\t\t<\/div>\n\t\t\t\t<div class=\"elementor-element elementor-element-0163f2e elementor-widget elementor-widget-spacer\" data-id=\"0163f2e\" data-element_type=\"widget\" data-e-type=\"widget\" data-widget_type=\"spacer.default\">\n\t\t\t\t<div class=\"elementor-widget-container\">\n\t\t\t\t\t\t\t<div class=\"elementor-spacer\">\n\t\t\t<div class=\"elementor-spacer-inner\"><\/div>\n\t\t<\/div>\n\t\t\t\t\t\t<\/div>\n\t\t\t\t<\/div>\n\t\t\t\t\t<\/div>\n\t\t<\/div>\n\t\t\t\t\t<\/div>\n\t\t<\/section>\n\t\t\t\t<\/div>\n\t\t","protected":false},"excerpt":{"rendered":"<p>Tarina Saarij\u00e4rvi-menun takana Maistuvaa Saarij\u00e4rven mailta ja mannuilta -hanke Ajalla 1.5.2021-30.4.2022 toteutetussa Maistuvaa Saarij\u00e4rven mailta ja mannuilta -hankkeessa tuotettiin ja tuotteistettiin Saarij\u00e4rvi-menu, josta muotoiltiin eri tilaisuuksiin hy\u00f6dynnett\u00e4v\u00e4t ruokakokonaisuudet. Hanketta hallinnoi Saarij\u00e4rven maa- ja kotitalousnaiset ry, toisena osapuolena on Saarij\u00e4rven museon yst\u00e4v\u00e4t ry. Hankkeen tuottamisen on mahdollistanut Euroopan maaseudun kehitt\u00e4misen maatalousrahasto. Maistuvaa Saarij\u00e4rven mailta ja mannuilta &#8230; <a title=\"Tarina\" class=\"read-more\" href=\"https:\/\/samunystavat.fi\/saarijarvimenu\/tarina\/\" aria-label=\"Lis\u00e4\u00e4 Tarina\">Lue lis\u00e4\u00e4<\/a><\/p>\n","protected":false},"author":1,"featured_media":385,"parent":0,"menu_order":0,"comment_status":"closed","ping_status":"closed","template":"","meta":{"footnotes":""},"class_list":["post-955","page","type-page","status-publish","has-post-thumbnail"],"yoast_head":"<!-- This site is optimized with the Yoast SEO plugin v27.3 - https:\/\/yoast.com\/product\/yoast-seo-wordpress\/ -->\n<title>Tarina - Saarij\u00e4rvi-menu<\/title>\n<meta name=\"robots\" content=\"index, follow, max-snippet:-1, max-image-preview:large, max-video-preview:-1\" \/>\n<link rel=\"canonical\" href=\"https:\/\/samunystavat.fi\/saarijarvimenu\/tarina\/\" \/>\n<meta property=\"og:locale\" content=\"fi_FI\" \/>\n<meta property=\"og:type\" content=\"article\" \/>\n<meta property=\"og:title\" content=\"Tarina - Saarij\u00e4rvi-menu\" \/>\n<meta property=\"og:description\" content=\"Tarina Saarij\u00e4rvi-menun takana Maistuvaa Saarij\u00e4rven mailta ja mannuilta -hanke Ajalla 1.5.2021-30.4.2022 toteutetussa Maistuvaa Saarij\u00e4rven mailta ja mannuilta -hankkeessa tuotettiin ja tuotteistettiin Saarij\u00e4rvi-menu, josta muotoiltiin eri tilaisuuksiin hy\u00f6dynnett\u00e4v\u00e4t ruokakokonaisuudet. Hanketta hallinnoi Saarij\u00e4rven maa- ja kotitalousnaiset ry, toisena osapuolena on Saarij\u00e4rven museon yst\u00e4v\u00e4t ry. Hankkeen tuottamisen on mahdollistanut Euroopan maaseudun kehitt\u00e4misen maatalousrahasto. Maistuvaa Saarij\u00e4rven mailta ja mannuilta ... Lue lis\u00e4\u00e4\" \/>\n<meta property=\"og:url\" content=\"https:\/\/samunystavat.fi\/saarijarvimenu\/tarina\/\" \/>\n<meta property=\"og:site_name\" content=\"Saarij\u00e4rvi-menu\" \/>\n<meta property=\"article:modified_time\" content=\"2022-02-02T08:16:53+00:00\" \/>\n<meta property=\"og:image\" content=\"https:\/\/samunystavat.fi\/saarijarvimenu\/wp-content\/uploads\/2021\/10\/salaatti-kallio.jpg\" \/>\n\t<meta property=\"og:image:width\" content=\"2498\" \/>\n\t<meta property=\"og:image:height\" content=\"1665\" \/>\n\t<meta property=\"og:image:type\" content=\"image\/jpeg\" \/>\n<meta name=\"twitter:card\" content=\"summary_large_image\" \/>\n<meta name=\"twitter:label1\" content=\"Arvioitu lukuaika\" \/>\n\t<meta name=\"twitter:data1\" content=\"3 minuuttia\" \/>\n<script type=\"application\/ld+json\" class=\"yoast-schema-graph\">{\"@context\":\"https:\\\/\\\/schema.org\",\"@graph\":[{\"@type\":\"WebPage\",\"@id\":\"https:\\\/\\\/samunystavat.fi\\\/saarijarvimenu\\\/tarina\\\/\",\"url\":\"https:\\\/\\\/samunystavat.fi\\\/saarijarvimenu\\\/tarina\\\/\",\"name\":\"Tarina - Saarij\u00e4rvi-menu\",\"isPartOf\":{\"@id\":\"https:\\\/\\\/samunystavat.fi\\\/saarijarvimenu\\\/#website\"},\"primaryImageOfPage\":{\"@id\":\"https:\\\/\\\/samunystavat.fi\\\/saarijarvimenu\\\/tarina\\\/#primaryimage\"},\"image\":{\"@id\":\"https:\\\/\\\/samunystavat.fi\\\/saarijarvimenu\\\/tarina\\\/#primaryimage\"},\"thumbnailUrl\":\"https:\\\/\\\/samunystavat.fi\\\/saarijarvimenu\\\/wp-content\\\/uploads\\\/2021\\\/10\\\/salaatti-kallio.jpg\",\"datePublished\":\"2021-10-21T07:01:34+00:00\",\"dateModified\":\"2022-02-02T08:16:53+00:00\",\"breadcrumb\":{\"@id\":\"https:\\\/\\\/samunystavat.fi\\\/saarijarvimenu\\\/tarina\\\/#breadcrumb\"},\"inLanguage\":\"fi\",\"potentialAction\":[{\"@type\":\"ReadAction\",\"target\":[\"https:\\\/\\\/samunystavat.fi\\\/saarijarvimenu\\\/tarina\\\/\"]}]},{\"@type\":\"ImageObject\",\"inLanguage\":\"fi\",\"@id\":\"https:\\\/\\\/samunystavat.fi\\\/saarijarvimenu\\\/tarina\\\/#primaryimage\",\"url\":\"https:\\\/\\\/samunystavat.fi\\\/saarijarvimenu\\\/wp-content\\\/uploads\\\/2021\\\/10\\\/salaatti-kallio.jpg\",\"contentUrl\":\"https:\\\/\\\/samunystavat.fi\\\/saarijarvimenu\\\/wp-content\\\/uploads\\\/2021\\\/10\\\/salaatti-kallio.jpg\",\"width\":2498,\"height\":1665,\"caption\":\"Perunasalaatti\"},{\"@type\":\"BreadcrumbList\",\"@id\":\"https:\\\/\\\/samunystavat.fi\\\/saarijarvimenu\\\/tarina\\\/#breadcrumb\",\"itemListElement\":[{\"@type\":\"ListItem\",\"position\":1,\"name\":\"Etusivu\",\"item\":\"https:\\\/\\\/samunystavat.fi\\\/saarijarvimenu\\\/\"},{\"@type\":\"ListItem\",\"position\":2,\"name\":\"Tarina\"}]},{\"@type\":\"WebSite\",\"@id\":\"https:\\\/\\\/samunystavat.fi\\\/saarijarvimenu\\\/#website\",\"url\":\"https:\\\/\\\/samunystavat.fi\\\/saarijarvimenu\\\/\",\"name\":\"Saarij\u00e4rvi-menu\",\"description\":\"Maistuvaa Saarij\u00e4rven mailta ja mannuilta.\",\"publisher\":{\"@id\":\"https:\\\/\\\/samunystavat.fi\\\/saarijarvimenu\\\/#organization\"},\"potentialAction\":[{\"@type\":\"SearchAction\",\"target\":{\"@type\":\"EntryPoint\",\"urlTemplate\":\"https:\\\/\\\/samunystavat.fi\\\/saarijarvimenu\\\/?s={search_term_string}\"},\"query-input\":{\"@type\":\"PropertyValueSpecification\",\"valueRequired\":true,\"valueName\":\"search_term_string\"}}],\"inLanguage\":\"fi\"},{\"@type\":\"Organization\",\"@id\":\"https:\\\/\\\/samunystavat.fi\\\/saarijarvimenu\\\/#organization\",\"name\":\"Saarij\u00e4rvi-menu\",\"url\":\"https:\\\/\\\/samunystavat.fi\\\/saarijarvimenu\\\/\",\"logo\":{\"@type\":\"ImageObject\",\"inLanguage\":\"fi\",\"@id\":\"https:\\\/\\\/samunystavat.fi\\\/saarijarvimenu\\\/#\\\/schema\\\/logo\\\/image\\\/\",\"url\":\"https:\\\/\\\/i1.wp.com\\\/samunystavat.fi\\\/saarijarvimenu\\\/wp-content\\\/uploads\\\/2021\\\/10\\\/thumbnail_SRJ-menu-logo-valk-taustalle.jpg?fit=882%2C1000&ssl=1\",\"contentUrl\":\"https:\\\/\\\/i1.wp.com\\\/samunystavat.fi\\\/saarijarvimenu\\\/wp-content\\\/uploads\\\/2021\\\/10\\\/thumbnail_SRJ-menu-logo-valk-taustalle.jpg?fit=882%2C1000&ssl=1\",\"width\":882,\"height\":1000,\"caption\":\"Saarij\u00e4rvi-menu\"},\"image\":{\"@id\":\"https:\\\/\\\/samunystavat.fi\\\/saarijarvimenu\\\/#\\\/schema\\\/logo\\\/image\\\/\"}}]}<\/script>\n<!-- \/ Yoast SEO plugin. -->","yoast_head_json":{"title":"Tarina - Saarij\u00e4rvi-menu","robots":{"index":"index","follow":"follow","max-snippet":"max-snippet:-1","max-image-preview":"max-image-preview:large","max-video-preview":"max-video-preview:-1"},"canonical":"https:\/\/samunystavat.fi\/saarijarvimenu\/tarina\/","og_locale":"fi_FI","og_type":"article","og_title":"Tarina - Saarij\u00e4rvi-menu","og_description":"Tarina Saarij\u00e4rvi-menun takana Maistuvaa Saarij\u00e4rven mailta ja mannuilta -hanke Ajalla 1.5.2021-30.4.2022 toteutetussa Maistuvaa Saarij\u00e4rven mailta ja mannuilta -hankkeessa tuotettiin ja tuotteistettiin Saarij\u00e4rvi-menu, josta muotoiltiin eri tilaisuuksiin hy\u00f6dynnett\u00e4v\u00e4t ruokakokonaisuudet. Hanketta hallinnoi Saarij\u00e4rven maa- ja kotitalousnaiset ry, toisena osapuolena on Saarij\u00e4rven museon yst\u00e4v\u00e4t ry. Hankkeen tuottamisen on mahdollistanut Euroopan maaseudun kehitt\u00e4misen maatalousrahasto. Maistuvaa Saarij\u00e4rven mailta ja mannuilta ... Lue lis\u00e4\u00e4","og_url":"https:\/\/samunystavat.fi\/saarijarvimenu\/tarina\/","og_site_name":"Saarij\u00e4rvi-menu","article_modified_time":"2022-02-02T08:16:53+00:00","og_image":[{"width":2498,"height":1665,"url":"https:\/\/samunystavat.fi\/saarijarvimenu\/wp-content\/uploads\/2021\/10\/salaatti-kallio.jpg","type":"image\/jpeg"}],"twitter_card":"summary_large_image","twitter_misc":{"Arvioitu lukuaika":"3 minuuttia"},"schema":{"@context":"https:\/\/schema.org","@graph":[{"@type":"WebPage","@id":"https:\/\/samunystavat.fi\/saarijarvimenu\/tarina\/","url":"https:\/\/samunystavat.fi\/saarijarvimenu\/tarina\/","name":"Tarina - Saarij\u00e4rvi-menu","isPartOf":{"@id":"https:\/\/samunystavat.fi\/saarijarvimenu\/#website"},"primaryImageOfPage":{"@id":"https:\/\/samunystavat.fi\/saarijarvimenu\/tarina\/#primaryimage"},"image":{"@id":"https:\/\/samunystavat.fi\/saarijarvimenu\/tarina\/#primaryimage"},"thumbnailUrl":"https:\/\/samunystavat.fi\/saarijarvimenu\/wp-content\/uploads\/2021\/10\/salaatti-kallio.jpg","datePublished":"2021-10-21T07:01:34+00:00","dateModified":"2022-02-02T08:16:53+00:00","breadcrumb":{"@id":"https:\/\/samunystavat.fi\/saarijarvimenu\/tarina\/#breadcrumb"},"inLanguage":"fi","potentialAction":[{"@type":"ReadAction","target":["https:\/\/samunystavat.fi\/saarijarvimenu\/tarina\/"]}]},{"@type":"ImageObject","inLanguage":"fi","@id":"https:\/\/samunystavat.fi\/saarijarvimenu\/tarina\/#primaryimage","url":"https:\/\/samunystavat.fi\/saarijarvimenu\/wp-content\/uploads\/2021\/10\/salaatti-kallio.jpg","contentUrl":"https:\/\/samunystavat.fi\/saarijarvimenu\/wp-content\/uploads\/2021\/10\/salaatti-kallio.jpg","width":2498,"height":1665,"caption":"Perunasalaatti"},{"@type":"BreadcrumbList","@id":"https:\/\/samunystavat.fi\/saarijarvimenu\/tarina\/#breadcrumb","itemListElement":[{"@type":"ListItem","position":1,"name":"Etusivu","item":"https:\/\/samunystavat.fi\/saarijarvimenu\/"},{"@type":"ListItem","position":2,"name":"Tarina"}]},{"@type":"WebSite","@id":"https:\/\/samunystavat.fi\/saarijarvimenu\/#website","url":"https:\/\/samunystavat.fi\/saarijarvimenu\/","name":"Saarij\u00e4rvi-menu","description":"Maistuvaa Saarij\u00e4rven mailta ja mannuilta.","publisher":{"@id":"https:\/\/samunystavat.fi\/saarijarvimenu\/#organization"},"potentialAction":[{"@type":"SearchAction","target":{"@type":"EntryPoint","urlTemplate":"https:\/\/samunystavat.fi\/saarijarvimenu\/?s={search_term_string}"},"query-input":{"@type":"PropertyValueSpecification","valueRequired":true,"valueName":"search_term_string"}}],"inLanguage":"fi"},{"@type":"Organization","@id":"https:\/\/samunystavat.fi\/saarijarvimenu\/#organization","name":"Saarij\u00e4rvi-menu","url":"https:\/\/samunystavat.fi\/saarijarvimenu\/","logo":{"@type":"ImageObject","inLanguage":"fi","@id":"https:\/\/samunystavat.fi\/saarijarvimenu\/#\/schema\/logo\/image\/","url":"https:\/\/i1.wp.com\/samunystavat.fi\/saarijarvimenu\/wp-content\/uploads\/2021\/10\/thumbnail_SRJ-menu-logo-valk-taustalle.jpg?fit=882%2C1000&ssl=1","contentUrl":"https:\/\/i1.wp.com\/samunystavat.fi\/saarijarvimenu\/wp-content\/uploads\/2021\/10\/thumbnail_SRJ-menu-logo-valk-taustalle.jpg?fit=882%2C1000&ssl=1","width":882,"height":1000,"caption":"Saarij\u00e4rvi-menu"},"image":{"@id":"https:\/\/samunystavat.fi\/saarijarvimenu\/#\/schema\/logo\/image\/"}}]}},"_links":{"self":[{"href":"https:\/\/samunystavat.fi\/saarijarvimenu\/wp-json\/wp\/v2\/pages\/955","targetHints":{"allow":["GET"]}}],"collection":[{"href":"https:\/\/samunystavat.fi\/saarijarvimenu\/wp-json\/wp\/v2\/pages"}],"about":[{"href":"https:\/\/samunystavat.fi\/saarijarvimenu\/wp-json\/wp\/v2\/types\/page"}],"author":[{"embeddable":true,"href":"https:\/\/samunystavat.fi\/saarijarvimenu\/wp-json\/wp\/v2\/users\/1"}],"replies":[{"embeddable":true,"href":"https:\/\/samunystavat.fi\/saarijarvimenu\/wp-json\/wp\/v2\/comments?post=955"}],"version-history":[{"count":61,"href":"https:\/\/samunystavat.fi\/saarijarvimenu\/wp-json\/wp\/v2\/pages\/955\/revisions"}],"predecessor-version":[{"id":2046,"href":"https:\/\/samunystavat.fi\/saarijarvimenu\/wp-json\/wp\/v2\/pages\/955\/revisions\/2046"}],"wp:featuredmedia":[{"embeddable":true,"href":"https:\/\/samunystavat.fi\/saarijarvimenu\/wp-json\/wp\/v2\/media\/385"}],"wp:attachment":[{"href":"https:\/\/samunystavat.fi\/saarijarvimenu\/wp-json\/wp\/v2\/media?parent=955"}],"curies":[{"name":"wp","href":"https:\/\/api.w.org\/{rel}","templated":true}]}}